{"id":16,"date":"2023-12-14T01:33:26","date_gmt":"2023-12-13T22:33:26","guid":{"rendered":"http:\/\/voltekotomasyon.com\/?page_id=16"},"modified":"2023-12-14T01:33:26","modified_gmt":"2023-12-13T22:33:26","slug":"about","status":"publish","type":"page","link":"https:\/\/voltekotomasyon.com\/?page_id=16","title":{"rendered":"About"},"content":{"rendered":"\n<section class=\"hts-section hts-page hts-about\">\n    <div class=\"hts-about-header\">\n        <div class=\"hts-about-header-content\">\n            <div class=\"hts-about-body\">\n                <div>\n                    <h1>Hakk\u0131m\u0131zda<\/h1>\n                    <p>Voltek Otomasyon PLC Yaz\u0131l\u0131m Elektrik Hakk\u0131nda<\/p>\n                <\/div>\n            <\/div>\n            <div class=\"hts-about-image\">\n                <div class=\"hts-image-wrapper\">\n                    <img decoding=\"async\" src=\"https:\/\/images.unsplash.com\/photo-1567789884554-0b844b597180?crop=entropy\" title=\"Photo by Lenny Kuhne\" alt=\"gray vehicle being fixed inside factory using robot machines\">                    <span class=\"hts-unsplash-data\">Photo by <a href=\"https:\/\/unsplash.com\/@lennykuhne?utm_source=hostinger&#038;utm_medium=referral\" rel=\"nofollow\">Lenny Kuhne<\/a> on <a href=\"https:\/\/unsplash.com\/?utm_source=hostinger&#038;utm_medium=referral\" rel=\"nofollow\">Unsplash<\/a><\/span>                <\/div>\n            <\/div>\n        <\/div>\n    <\/div>\n    <hr class=\"full\">\n    <div class=\"hts-details\">\n                <div class=\"hts-about-story\">\n            <h2 class=\"hts-title\">MY STORY<\/h2>\n            <div class=\"hts-description\">\n                Voltek Otomasyon PLC Yaz\u0131l\u0131m Elektrik, end\u00fcstriyel otomasyon \u00e7\u00f6z\u00fcmleri sunan bir \u015firkettir. M\u00fc\u015fterilerimize en son teknolojiyle donat\u0131lm\u0131\u015f otomasyon sistemleri sunarak verimlili\u011fi art\u0131rmay\u0131 hedefliyoruz. Profesyonel ve deneyimli ekibimizle birlikte, enerji tasarrufu sa\u011flayan, g\u00fcvenilir ve yenilik\u00e7i \u00e7\u00f6z\u00fcmler sunarak m\u00fc\u015fteri memnuniyetini \u00f6n planda tutuyoruz. Sekt\u00f6rde lider bir firma olarak, m\u00fc\u015fterilerimizin ihtiya\u00e7lar\u0131na uygun \u00f6zelle\u015ftirilmi\u015f \u00e7\u00f6z\u00fcmler sunuyoruz.            <\/div>\n        <\/div>\n        \n        <div class=\"hts-gallery\">\n            <div class=\"hts-image-wrapper hts-bottom\">\n                <img decoding=\"async\" src=\"https:\/\/images.unsplash.com\/photo-1485827404703-89b55fcc595e?crop=entropy\" title=\"Photo by Alex Knight\" alt=\"white robot near brown wall\"><span class=\"hts-unsplash-data\">Photo by <a href=\"https:\/\/unsplash.com\/@agk42?utm_source=hostinger&#038;utm_medium=referral\" rel=\"nofollow\">Alex Knight<\/a> on <a href=\"https:\/\/unsplash.com\/?utm_source=hostinger&#038;utm_medium=referral\" rel=\"nofollow\">Unsplash<\/a><\/span>            <\/div>\n            <div class=\"hts-image-wrapper hts-bottom\">\n                <img decoding=\"async\" src=\"https:\/\/images.unsplash.com\/photo-1620712943543-bcc4688e7485?crop=entropy\" title=\"Photo by Andrea De Santis\" alt=\"black and white robot toy on red wooden table\"><span class=\"hts-unsplash-data\">Photo by <a href=\"https:\/\/unsplash.com\/@santesson89?utm_source=hostinger&#038;utm_medium=referral\" rel=\"nofollow\">Andrea De Santis<\/a> on <a href=\"https:\/\/unsplash.com\/?utm_source=hostinger&#038;utm_medium=referral\" rel=\"nofollow\">Unsplash<\/a><\/span>            <\/div>\n        <\/div>\n    <\/div>\n<\/section><section class=\"hts-section hts-newsletter\">\n\t<hr class=\"full\">\n\t<div class=\"wrapper\">\n\t<div>\n\t\t<h3 class=\"hts-title\">Newsletter<\/h3>\n\t\t<p>Subscribe to stay up-to-date with my latest creative projects, insights, and tips.<\/p>\n\t<\/div>\n\t<div class=\"hts-newsletter-block\">\n\t\t<form>\n\t\t\t<input type=\"hidden\" id=\"newsletter_nonce\" name=\"newsletter_nonce\" value=\"a37f92a6eb\" \/><input type=\"hidden\" name=\"_wp_http_referer\" value=\"\/index.php?rest_route=%2Fwp%2Fv2%2Fpages%2F16\" \/>\t\t\t<label for=\"hts-newsletter-email\">Email<\/label>\n\t\t\t<input type=\"email\"\n\t\t\t       id=\"hts-newsletter-email\"\n\t\t\t       name=\"newsletter_email\"\n\t\t\t       placeholder=\"What\u2019s your email?\">\n\t\t\t<div class=\"validate-message\"><\/div>\n\t\t\t<div class=\"hts-privacy-agree\">\n\t\t\t\t<label class=\"hts-form-control\">\n\t\t\t\t<input type=\"checkbox\" id=\"privacy-policy-checkbox\" name=\"privacy_policy\" required>\n\t\t\t\t<\/label>\n\t\t\t\t<span>\n\t\t\t\t\tI consent to use of my email address for the purpose of receiving newsletters as described in <a href=\"\" target=\"_blank\">Privacy Policy<\/a>, which I have read. I may withdraw my consent at any time.\t\t\t\t<\/span>\n\t\t\t<\/div>\n\t\t\t<input type=\"submit\" class=\"btn primary\" value=\"Subscribe\"\/>\n\t\t<\/form>\n\t<\/div>\n\t<\/div>\n<\/section>","protected":false},"excerpt":{"rendered":"","protected":false},"author":1,"featured_media":0,"parent":0,"menu_order":0,"comment_status":"closed","ping_status":"closed","template":"","meta":{"footnotes":""},"aioseo_notices":[],"_links":{"self":[{"href":"https:\/\/voltekotomasyon.com\/index.php?rest_route=\/wp\/v2\/pages\/16"}],"collection":[{"href":"https:\/\/voltekotomasyon.com\/index.php?rest_route=\/wp\/v2\/pages"}],"about":[{"href":"https:\/\/voltekotomasyon.com\/index.php?rest_route=\/wp\/v2\/types\/page"}],"author":[{"embeddable":true,"href":"https:\/\/voltekotomasyon.com\/index.php?rest_route=\/wp\/v2\/users\/1"}],"replies":[{"embeddable":true,"href":"https:\/\/voltekotomasyon.com\/index.php?rest_route=%2Fwp%2Fv2%2Fcomments&post=16"}],"version-history":[{"count":0,"href":"https:\/\/voltekotomasyon.com\/index.php?rest_route=\/wp\/v2\/pages\/16\/revisions"}],"wp:attachment":[{"href":"https:\/\/voltekotomasyon.com\/index.php?rest_route=%2Fwp%2Fv2%2Fmedia&parent=16"}],"curies":[{"name":"wp","href":"https:\/\/api.w.org\/{rel}","templated":true}]}}